{"id":6,"date":"2018-09-03T19:56:13","date_gmt":"2018-09-03T19:56:13","guid":{"rendered":"https:\/\/patriciatriventi.com\/?page_id=6"},"modified":"2025-10-03T18:23:45","modified_gmt":"2025-10-03T18:23:45","slug":"biografia","status":"publish","type":"page","link":"https:\/\/patriciatriventi.com\/en\/biografia\/","title":{"rendered":"Biography"},"content":{"rendered":"<p><em><strong><img loading=\"lazy\" decoding=\"async\" class=\"alignnone size-full wp-image-54 alignright\" src=\"https:\/\/patriciatriventi.com\/wp-content\/uploads\/2018\/09\/23915486_1926652487662937_471282424430794367_n.jpg\" alt=\"\" width=\"270\" height=\"270\" srcset=\"https:\/\/patriciatriventi.com\/wp-content\/uploads\/2018\/09\/23915486_1926652487662937_471282424430794367_n.jpg 270w, https:\/\/patriciatriventi.com\/wp-content\/uploads\/2018\/09\/23915486_1926652487662937_471282424430794367_n-150x150.jpg 150w\" sizes=\"auto, (max-width: 270px) 100vw, 270px\" \/>Patricia Triventi<\/strong><\/em><\/p>\n<p style=\"text-align: left;\"><span style=\"font-weight: 400;\">She was worn in Bah\u00eda Blanca.<\/span><\/p>\n<p><span style=\"font-weight: 400;\">Her love for drawing led her to work in fashion and accessory design. She was a teacher of Technology Education and Arts and Crafts in public schools for many years.<\/span><\/p>\n<p><span style=\"font-weight: 400;\">She started to have a continuous relationship with visual arts when she pursued a bachelor degree in Visual Arts at Universidad Nacional del Arte (Argentina), and took classes at Miguel Bengochea, Willy Beruti and Iris No's workshops.<\/span><\/p>\n<p><span style=\"font-weight: 400;\">Patricia captures different themes in her works, alternating between oils and acrylics in her use of materials. A review of her work shows that she has gone through different periods: abstraction, naturalism, and figuration.<\/span><\/p>\n<p><span style=\"font-weight: 400;\">Her paintings show strong expressive integration, simplicity and a clear aesthetic. Her work evolves and is updated through each series. It is transgressive, and constantly seeks new paths, creating new evocations.<\/span><\/p>\n<p><span style=\"font-weight: 400;\">Chromatic harmony is given by the use of a palette of intense, bright, full colors. She plays with the textures in the details. She uses flat and elaborate brushstrokes, achieving a perfect amalgamation with the work's neutral background.<\/span><\/p>\n<p><span style=\"font-weight: 400;\">These details make us stop with observation. There are perfectly assembled tones where we can recognize her personal style, her warmth and simplicity.<\/span><\/p>\n<p><span style=\"font-weight: 400;\">The use of lights and shadows accentuate the spatial depth. Her great expressive capacity and the referential power of the external and internal world stand out both in the objects identifiable by their verisimilitude, as in the treatment of the figures, especially the human one.<\/span><\/p>\n<p><span style=\"font-weight: 400;\">Patricia says:<span style=\"color: #333333;\"><em>\"I aspire to make visual art for the viewer to feel attached to the work like someone listening to a story around a bonfire.<\/em><\/span>\u201d<\/span><\/p>\n<p><span style=\"font-weight: 400;\">That kind treatment of the work as a whole, that love for the colors of nature result in a universe full of creativity and subtle harmony.<\/span><\/p>\n<p style=\"text-align: right;\"><em><strong>Bachelor Claudia Sanzi<\/strong><\/em><\/p>\n<p style=\"text-align: right;\"><em><strong>Museologist \u2013 Critic \u2013 Curator<\/strong><\/em><\/p>","protected":false},"excerpt":{"rendered":"<p>Patricia Triventi Nace en Bah\u00eda Blanca. Su amor por el dibujo la llev\u00f3 a trabajar en dise\u00f1o de indumentaria y accesorios. Fue profesora de Educaci\u00f3n Tecnol\u00f3gica, y de Artesanal y T\u00e9cnica en escuelas p\u00fablicas durante muchos a\u00f1os. Comenz\u00f3 a tener una relaci\u00f3n continua con las artes visuales, estudiando Licenciatura en Artes Visuales en la Universidad&hellip;<\/p>","protected":false},"author":1,"featured_media":0,"parent":0,"menu_order":0,"comment_status":"closed","ping_status":"closed","template":"","meta":{"footnotes":""},"class_list":["post-6","page","type-page","status-publish","hentry","post"],"_links":{"self":[{"href":"https:\/\/patriciatriventi.com\/en\/wp-json\/wp\/v2\/pages\/6","targetHints":{"allow":["GET"]}}],"collection":[{"href":"https:\/\/patriciatriventi.com\/en\/wp-json\/wp\/v2\/pages"}],"about":[{"href":"https:\/\/patriciatriventi.com\/en\/wp-json\/wp\/v2\/types\/page"}],"author":[{"embeddable":true,"href":"https:\/\/patriciatriventi.com\/en\/wp-json\/wp\/v2\/users\/1"}],"replies":[{"embeddable":true,"href":"https:\/\/patriciatriventi.com\/en\/wp-json\/wp\/v2\/comments?post=6"}],"version-history":[{"count":0,"href":"https:\/\/patriciatriventi.com\/en\/wp-json\/wp\/v2\/pages\/6\/revisions"}],"wp:attachment":[{"href":"https:\/\/patriciatriventi.com\/en\/wp-json\/wp\/v2\/media?parent=6"}],"curies":[{"name":"wp","href":"https:\/\/api.w.org\/{rel}","templated":true}]}}