{"id":134,"date":"2021-12-07T00:07:24","date_gmt":"2021-12-07T00:07:24","guid":{"rendered":"http:\/\/test1.vanesabentui.com.ar\/?post_type=product&#038;p=134"},"modified":"2025-08-08T22:19:23","modified_gmt":"2025-08-08T22:19:23","slug":"la-llamada","status":"publish","type":"product","link":"https:\/\/patriciatriventi.com\/en\/product\/la-llamada\/","title":{"rendered":"\u00abLa llamada\u00bb"},"content":{"rendered":"<p>Fine art on canvas<\/p>\n<p>Size: 70cm x 100cm<\/p>\n<p><strong>Contact us for other sizes or oils on canvas.<\/strong><\/p>","protected":false},"excerpt":{"rendered":"<p>Fine art sobre canvas Tama\u00f1o: 70 cm x 100 cm (Consultar por otros tama\u00f1os o por \u00f3leos sobre tela)<\/p>","protected":false},"featured_media":173,"comment_status":"open","ping_status":"closed","template":"","meta":[],"product_brand":[],"product_cat":[33,27],"product_tag":[],"class_list":{"0":"post-134","1":"product","2":"type-product","3":"status-publish","4":"has-post-thumbnail","6":"product_cat-reproducciones","7":"product_cat-sin-bastidor","8":"post","10":"first","11":"instock","12":"product-type-variable","13":"has-default-attributes"},"_links":{"self":[{"href":"https:\/\/patriciatriventi.com\/en\/wp-json\/wp\/v2\/product\/134","targetHints":{"allow":["GET"]}}],"collection":[{"href":"https:\/\/patriciatriventi.com\/en\/wp-json\/wp\/v2\/product"}],"about":[{"href":"https:\/\/patriciatriventi.com\/en\/wp-json\/wp\/v2\/types\/product"}],"replies":[{"embeddable":true,"href":"https:\/\/patriciatriventi.com\/en\/wp-json\/wp\/v2\/comments?post=134"}],"wp:featuredmedia":[{"embeddable":true,"href":"https:\/\/patriciatriventi.com\/en\/wp-json\/wp\/v2\/media\/173"}],"wp:attachment":[{"href":"https:\/\/patriciatriventi.com\/en\/wp-json\/wp\/v2\/media?parent=134"}],"wp:term":[{"taxonomy":"product_brand","embeddable":true,"href":"https:\/\/patriciatriventi.com\/en\/wp-json\/wp\/v2\/product_brand?post=134"},{"taxonomy":"product_cat","embeddable":true,"href":"https:\/\/patriciatriventi.com\/en\/wp-json\/wp\/v2\/product_cat?post=134"},{"taxonomy":"product_tag","embeddable":true,"href":"https:\/\/patriciatriventi.com\/en\/wp-json\/wp\/v2\/product_tag?post=134"}],"curies":[{"name":"wp","href":"https:\/\/api.w.org\/{rel}","templated":true}]}}