{"id":356,"date":"2023-07-06T18:01:45","date_gmt":"2023-07-06T18:01:45","guid":{"rendered":"https:\/\/patriciatriventi.com\/?post_type=product&#038;p=356"},"modified":"2025-08-08T22:06:59","modified_gmt":"2025-08-08T22:06:59","slug":"calas","status":"publish","type":"product","link":"https:\/\/patriciatriventi.com\/en\/product\/calas\/","title":{"rendered":"\u00abCalas\u00bb"},"content":{"rendered":"<p>Fine art on canvas<\/p>\n<p>Size: 70cm x 100cm<\/p>\n<p><strong>(Contact us for other sizes or oils on canvas)<\/strong><\/p>","protected":false},"excerpt":{"rendered":"<p>Fine art sobre canvas Tama\u00f1o: 70cm x 100cm (Consultar por otros tama\u00f1os \u00f3 por \u00f3leos sobre tela)<\/p>","protected":false},"featured_media":331,"comment_status":"open","ping_status":"closed","template":"","meta":[],"product_brand":[],"product_cat":[33,27],"product_tag":[],"class_list":{"0":"post-356","1":"product","2":"type-product","3":"status-publish","4":"has-post-thumbnail","6":"product_cat-reproducciones","7":"product_cat-sin-bastidor","8":"post","10":"first","11":"instock","12":"product-type-variable","13":"has-default-attributes"},"_links":{"self":[{"href":"https:\/\/patriciatriventi.com\/en\/wp-json\/wp\/v2\/product\/356","targetHints":{"allow":["GET"]}}],"collection":[{"href":"https:\/\/patriciatriventi.com\/en\/wp-json\/wp\/v2\/product"}],"about":[{"href":"https:\/\/patriciatriventi.com\/en\/wp-json\/wp\/v2\/types\/product"}],"replies":[{"embeddable":true,"href":"https:\/\/patriciatriventi.com\/en\/wp-json\/wp\/v2\/comments?post=356"}],"wp:featuredmedia":[{"embeddable":true,"href":"https:\/\/patriciatriventi.com\/en\/wp-json\/wp\/v2\/media\/331"}],"wp:attachment":[{"href":"https:\/\/patriciatriventi.com\/en\/wp-json\/wp\/v2\/media?parent=356"}],"wp:term":[{"taxonomy":"product_brand","embeddable":true,"href":"https:\/\/patriciatriventi.com\/en\/wp-json\/wp\/v2\/product_brand?post=356"},{"taxonomy":"product_cat","embeddable":true,"href":"https:\/\/patriciatriventi.com\/en\/wp-json\/wp\/v2\/product_cat?post=356"},{"taxonomy":"product_tag","embeddable":true,"href":"https:\/\/patriciatriventi.com\/en\/wp-json\/wp\/v2\/product_tag?post=356"}],"curies":[{"name":"wp","href":"https:\/\/api.w.org\/{rel}","templated":true}]}}