{"id":6,"date":"2018-09-03T19:56:13","date_gmt":"2018-09-03T19:56:13","guid":{"rendered":"https:\/\/patriciatriventi.com\/?page_id=6"},"modified":"2025-10-03T18:23:45","modified_gmt":"2025-10-03T18:23:45","slug":"biografia","status":"publish","type":"page","link":"https:\/\/patriciatriventi.com\/es_es\/biografia\/","title":{"rendered":"Biograf\u00eda"},"content":{"rendered":"<p><em><strong><img loading=\"lazy\" decoding=\"async\" class=\"alignnone size-full wp-image-54 alignright\" src=\"https:\/\/patriciatriventi.com\/wp-content\/uploads\/2018\/09\/23915486_1926652487662937_471282424430794367_n.jpg\" alt=\"\" width=\"270\" height=\"270\" srcset=\"https:\/\/patriciatriventi.com\/wp-content\/uploads\/2018\/09\/23915486_1926652487662937_471282424430794367_n.jpg 270w, https:\/\/patriciatriventi.com\/wp-content\/uploads\/2018\/09\/23915486_1926652487662937_471282424430794367_n-150x150.jpg 150w\" sizes=\"auto, (max-width: 270px) 100vw, 270px\" \/>Patricia Triventi<\/strong><\/em><\/p>\n<p style=\"text-align: left;\"><span style=\"font-weight: 400;\">Nace en Bah\u00eda Blanca.<\/span><\/p>\n<p><span style=\"font-weight: 400;\">Su amor por el dibujo la llev\u00f3 a trabajar en dise\u00f1o de indumentaria y accesorios. Fue profesora de Educaci\u00f3n Tecnol\u00f3gica, y de Artesanal y T\u00e9cnica en escuelas p\u00fablicas durante muchos a\u00f1os.<\/span><\/p>\n<p><span style=\"font-weight: 400;\">Comenz\u00f3 a tener una relaci\u00f3n continua con las artes visuales, estudiando Licenciatura en Artes Visuales en la Universidad Nacional de Arte y tomando clases en los talleres de Miguel Bengochea, Willy Beruti e Iris No.<\/span><\/p>\n<p><span style=\"font-weight: 400;\">Patricia plasma en sus trabajos diferentes tem\u00e1ticas, alternando en el manejo de los materiales los \u00f3leos y acr\u00edlicos. Una recorrida por su obra demuestra que ha pasado por diferentes per\u00edodos: la abstracci\u00f3n, el naturalismo y la figuraci\u00f3n.<\/span><\/p>\n<p><span style=\"font-weight: 400;\">En sus pinturas se aprecia una fuerte integraci\u00f3n expresiva, simplicidad y una est\u00e9tica clara; as\u00ed, su obra evoluciona y se va aggiornando a trav\u00e9s de cada serie; es transgresora, y constantemente busca nuevos caminos, creando nuevas evocaciones.<\/span><\/p>\n<p><span style=\"font-weight: 400;\">La armon\u00eda crom\u00e1tica est\u00e1 dada por el uso de una paleta de colores intensos, brillantes, plenos; juega con las texturas en los detalles, utiliza pinceladas planas y trabajadas, logrando una combinaci\u00f3n en perfecta amalgama con el neutral fondo de la obra.<\/span><\/p>\n<p><span style=\"font-weight: 400;\">Estos detalles nos hacen detenernos en la observaci\u00f3n; tonalidades perfectamente ensambladas donde podemos reconocer su estilo personal, su calidez y sencillez.<\/span><\/p>\n<p><span style=\"font-weight: 400;\">El manejo de las luces y sombras acent\u00faan la profundidad espacial. Tanto en los objetos identificables por su verosimilitud como en el tratamiento de las figuras, especialmente la humana, se destaca su gran capacidad expresiva y potencia referencial del mundo exterior e interior.<\/span><\/p>\n<p><span style=\"font-weight: 400;\">Dice Patricia: \u201c<span style=\"color: #333333;\"><em>Aspiro a realizar un arte visual en el que el espectador se sienta unido a la obra como quien escucha un cuento alrededor de un fog\u00f3n.<\/em><\/span>\u201d<\/span><\/p>\n<p><span style=\"font-weight: 400;\">Ese tratamiento amoroso de la obra en su conjunto, ese amor por los colores de la naturaleza resultan en un universo pleno de creatividad y sutil armon\u00eda.<\/span><\/p>\n<p style=\"text-align: right;\"><em><strong>Lic. Claudia Sanzi<\/strong><\/em><\/p>\n<p style=\"text-align: right;\"><em><strong>Muse\u00f3loga &#8211; Critica &#8211; Curadora<\/strong><\/em><\/p>\n","protected":false},"excerpt":{"rendered":"<p>Patricia Triventi Nace en Bah\u00eda Blanca. Su amor por el dibujo la llev\u00f3 a trabajar en dise\u00f1o de indumentaria y accesorios. Fue profesora de Educaci\u00f3n Tecnol\u00f3gica, y de Artesanal y T\u00e9cnica en escuelas p\u00fablicas durante muchos a\u00f1os. Comenz\u00f3 a tener una relaci\u00f3n continua con las artes visuales, estudiando Licenciatura en Artes Visuales en la Universidad&hellip;<\/p>\n","protected":false},"author":1,"featured_media":0,"parent":0,"menu_order":0,"comment_status":"closed","ping_status":"closed","template":"","meta":{"footnotes":""},"class_list":["post-6","page","type-page","status-publish","hentry","post"],"_links":{"self":[{"href":"https:\/\/patriciatriventi.com\/es_es\/wp-json\/wp\/v2\/pages\/6","targetHints":{"allow":["GET"]}}],"collection":[{"href":"https:\/\/patriciatriventi.com\/es_es\/wp-json\/wp\/v2\/pages"}],"about":[{"href":"https:\/\/patriciatriventi.com\/es_es\/wp-json\/wp\/v2\/types\/page"}],"author":[{"embeddable":true,"href":"https:\/\/patriciatriventi.com\/es_es\/wp-json\/wp\/v2\/users\/1"}],"replies":[{"embeddable":true,"href":"https:\/\/patriciatriventi.com\/es_es\/wp-json\/wp\/v2\/comments?post=6"}],"version-history":[{"count":7,"href":"https:\/\/patriciatriventi.com\/es_es\/wp-json\/wp\/v2\/pages\/6\/revisions"}],"predecessor-version":[{"id":435,"href":"https:\/\/patriciatriventi.com\/es_es\/wp-json\/wp\/v2\/pages\/6\/revisions\/435"}],"wp:attachment":[{"href":"https:\/\/patriciatriventi.com\/es_es\/wp-json\/wp\/v2\/media?parent=6"}],"curies":[{"name":"wp","href":"https:\/\/api.w.org\/{rel}","templated":true}]}}