{"id":70,"date":"2019-06-04T21:01:05","date_gmt":"2019-06-04T21:01:05","guid":{"rendered":"https:\/\/patriciatriventi.com\/?page_id=70"},"modified":"2026-01-08T21:00:59","modified_gmt":"2026-01-08T21:00:59","slug":"exposiciones","status":"publish","type":"page","link":"https:\/\/patriciatriventi.com\/es_es\/exposiciones\/","title":{"rendered":"Exposiciones"},"content":{"rendered":"\n<p><span style=\"color: #339966;\"><em>PARTICIP\u00c9 EN LAS SIGUIENTES EXPOSICIONES INDIVIDUALES:<\/em><\/span><\/p>\n\n\n\n<p>2011, <em>La mujer y la guitarra<\/em>, IUNA, Buenos Aires, Argentina.<\/p>\n\n\n\n<p>2013, <em>Esencia Equinoccio<\/em>, A.R.T.E.M.E., Buenos Aires, Argentina.<\/p>\n\n\n\n<p>2017, <em>Patricia Triventi &#8211; Pinturas<\/em>, Barba Roja, Buenos Aires, Argentina.<\/p>\n\n\n\n<p>2022, <em>\u00abMuestra Individual\u00bb<\/em>, Universidad de Derecho, UNLZ, Lomas de Zamora, Pcia. de Buenos Aires, Argentina.<\/p>\n\n\n\n<p>2023, <em>\u00abMuestra Individual\u00bb<\/em>, Facultad de Derecho, UNLZ, Lomas de Zamora, Pcia. de Buenos Aires, Argentina.<\/p>\n\n\n\n<p>2023, <a href=\"https:\/\/opensea.io\/collection\/patriciatriventicollection\" target=\"_blank\" rel=\"noopener\">https\/opensea.io\/collection\/patriciatriventicollection<\/a><\/p>\n\n\n\n<p>2024, <em>\u00abMuestra Individual\u00bb<\/em>, Facultad de Derecho, UNLZ, Lomas de Zamora, Pcia. de Buenos Aires, Argentina.<\/p>\n\n\n\n<p>2024, <a href=\"https:\/\/opensea.io\/collection\/patriciatriventicollection\" target=\"_blank\" rel=\"noopener\">https\/opensea.io\/collection\/patriciatriventicollection<\/a><\/p>\n\n\n\n<p><span style=\"color: #339966;\"><em>COLECTIVAS:<\/em><\/span><\/p>\n\n\n\n<p>2013, <em>Mujeres por el arte<\/em>, Garric Arte y Cultura, Buenos Aires, Argentina.<\/p>\n\n\n\n<p>2014, <em>Expo Punta Arte Internacional<\/em>, Escuela N\u00b05 Alejandro y Samuel Lafone, Punta del Este, Uruguay.<\/p>\n\n\n\n<p>2015, <em>Usina Cultural S\u00e1enz Pe\u00f1a<\/em>, Tigre, Provincia de Bs. As., Argentina.<\/p>\n\n\n\n<p>2016, <em>Diario del Viajero<\/em>, Buenos Aires, Argentina.<br>2016, <em>Del Bicentenario de la Rep\u00fablica Argentina<\/em>, Asociaci\u00f3n Argentina de Artistas Escultores. Buenos Aires, Argentina.<br>2016, <em>\u00ab2 Exteriores &#8211; Interiores\u00bb<\/em>, Centoira Galer\u00eda de Arte, Buenos Aires, Argentina.<\/p>\n\n\n\n<p>2017, <em>\u00abExpo-artistas\u00bb<\/em>, Centro Cultural Borges, Buenos Aires, Argentina.<br>2017, <em>5artes<\/em>, Centro cultural Borges, Buenos Aires, Argentina.<br>2017, <em>Proyecto Interiores\/Exteriores<\/em>, Galer\u00eda Mercado de Arte, Pergamino, Pcia. de Bs. As., Argentina.<br>2017, <em>Aniversario, Pertutti<\/em>, Buenos Aires, Argentina.<br>2017, <em>Muestra fin de a\u00f1o<\/em>, Pertutti, Buenos Aires, Argentina.<br>2017, <em>Diario del Viajero<\/em>, Buenos Aires, Argentina.<br>2017, <em>Ciclo Artistas 2017<\/em>, Barba Roja, Buenos Aires, Argentina.<br>2017, <em>Proyecto Interiores\/Exteriores<\/em>, Aquae Sulis, Lobos, Pcia. de Bs. As. Argentina.<\/p>\n\n\n\n<p>2018, <em>\u00abArte Contemporaneo\u00bb<\/em>, OVO ART, Enjoy Conrad Hotel, Punta del Este, Uruguay.<br>2018, <em>\u00abLos Sentimientos\u00bb<\/em>, protagonistas de la creatividad La Noche de Los Museos, Foro de las Ciencias y las Artes, Vicente L\u00f3pez, Buenos Aires, Argentina.<br>2018,&nbsp;<em>\u00abArte por Alma\u00bb<\/em>, Mercado de Las Pulgas, Buenos Aires, Argentina.<br>2018,<em>\u00abReapertura 2142\u00bb<\/em>, Sophie Galer\u00eda de Arte, Buenos Aires, Argentina.<br>2018, \u00abMuestra de Fin de A\u00f1o\u00bb, Sophie Galer\u00eda de Arte, Buenos Aires, Argentina.<br>2018, <em>Apertura<\/em>, Sophie Espacio de Arte, Buenos Aires, Argentina.<br>2018, <em>Proyecto Exteriores- Interiores<\/em>, Sol Victoria. Entre R\u00edos, Argentina.<br>2018, <em>El color de la Diversidad<\/em>, Centoira Galer\u00eda de Arte. Buenos Aires, Argentina.<br>2018, <em>MIRA Festival de Arte.<\/em> Centro Cultural Borges.&nbsp;Buenos Aires, Argentina.<br>2018, <em>De Oriente a Palermo<\/em>. Nayart Galer\u00eda de Arte.&nbsp;Buenos Aires, Argentina.<br>2018, <em>1\u00b0 Jornada juntos por la salud materno infantil.<\/em> Rotary Club Balvanera, Buenos Aires, Argentina.<br>2018, <em>Proyecto Interiores &#8211; Exteriores.<\/em> Asociaci\u00f3n Est\u00edmulo de Bellas Artes.&nbsp;Buenos Aires, Argentina.<br>2018, <em>Expo Viareggio.<\/em> Mostra Italo Latino Americana di Arte Contemporanea. Viareggio, Italia.<br>2018, <em>Di\u00e1logo de Colores.<\/em> Club Alem\u00e1n en Buenos Aires, Argentina.<br>2018, <em>\u201cValasegunda&#8230;Abasto\u201d<\/em>, Pertutti, Buenos Aires, Argentina.<br>2018,&nbsp;<em>\u201c<\/em><em>Aires del Sur 1\u201d,<\/em>&nbsp;Centro Dotacional Integrado Arganzuela, Madrid, Espa\u00f1a.<br>2018,&nbsp;<em>\u201c<\/em><em>Aires del Sur 2\u201d<\/em>, Casa de la Cultura de Ajalvir, Madrid, Espa\u00f1a.<\/p>\n\n\n\n<p>2019,<em>\u201c5artes\u201d<\/em>, Centro Cultural Borges, Buenos Aires, Argentina.<br>2019, <em>\u201cExpoPiria\u201d<\/em>, Lo de Anita, Piri\u00e1polis, Uruguay.<br>2019, <em>Exposici\u00f3n Internacional de Arte Contempor\u00e1neo<\/em>, Ovo Art, Punta Del Este, Uruguay.<br>2019,<em>\u201cBienal Nacional de Arte Cueva de las Manos\u201d<\/em>, Perito Moreno, Santa Cruz, Argentina.<br>2019, <em>Di\u00e1logos Crom\u00e1ticos \u201cFundaci\u00f3n R\u00f3mulo Raggio\u201d<\/em>, Vicente Lopez, Buenos Aires, Argentina.<br>2019,<em>\u201cExpoartistas Preview 2019, BAAEX\u201d<\/em>, Buenos Aires, Argentina.<br>2019,<em> \u201cUna mujer &#8230;una obra\u201d<\/em>, Nayart Espacio de Arte, Buenos Aires, Argentina.<br>2019, <em>\u201cApertura 2019\u201d<\/em>, Sophie Espacio de Arte, Buenos Aires, Argentina.<br>2019, <em>\u00abArte Tucum\u00e1n\u00bb<\/em>, Casa Museo de la Ciudad, San Miguel de Tucum\u00e1n, Argentina.<br>2019, <em>\u00abInteriores-Exteriores\u00bb<\/em>, Steim Espacio de Arte C\u00f3rdoba, Argentina.<br>2019, <em>\u00abMuestra de Fin de A\u00f1o\u00bb<\/em>, Asociaci\u00f3n Est\u00edmulo de Bellas Artes, Buenos Aires, Argentina.<br>2019,<em> \u00abColmena en Nayart\u00bb<\/em>, Nayart Espacio de Arte, Buenos Aires, Argentina.<br>2019, <em>\u00abAbasto 2019\u00bb<\/em>, Pertutti Abasto, Buenos Aires, Argentina.<br>2019, <em>\u00abMIR\u00c4 , Festival de Arte\u00bb<\/em>, Centro Cultural Borges, Buenos Aires, Argentina.<br>2019, <em>\u00abProyecto Interiores- Exteriores\u00bb<\/em>, Centoira Galer\u00eda de Arte, Buenos Aires, Argentina.<br>2019, <em>\u00abConcurso Pintar\u00bb<\/em>, Premio Internacional de Arte, Buenos Aires, Argentina.<br>2019, <em>\u00abArte por Alma\u00bb<\/em>, Espacio Legaspi, Buenos Aires, Argentina.<\/p>\n\n\n\n<p>2020, <em>\u00abExpo-Artistas 2020\u00bb<\/em> Preview #1, Paseo Plaza Canning, Canning, Buenos Aires, Argentina.<br>2020, <em>\u00abArte Contemporaneo\u00bb<\/em>, Mercedes Giachetti Galer\u00eda de Arte, Buenos Aires, Argentina.<br>2020, <em>\u00abArte Virtual\u00bb<\/em>, Galer\u00eda Sophie, Federal e Internacional.<br>2020, <em>\u00abColores de Espa\u00f1a\u00bb<\/em>, Universo de las Artes, Niteroi, R\u00edo de Janeiro, Brasil.<br>2020, <em>\u00abReencuentro Sophie Espacio de Arte\u00bb<\/em>, Pertutti Recoleta, Buenos Aires, Argentina.<br>2020, <em>\u00abMuestra de Fin de A\u00f1o Sophie\u00bb<\/em>, Asociaci\u00f3n Est\u00edmulo de Bellas Artes, Buenos Aires, Argentina.<br><span data-sheets-formula-bar-text-style=\"font-size:13px;color:#1155cc;font-weight:normal;text-decoration:none;font-family:'Arial';font-style:normal;text-decoration-skip-ink:none;\">2020, <em>\u00abExpo-Artistas Virtual\u00bb<\/em>, <\/span><a class=\"waffle-rich-text-link\" href=\"http:\/\/www.expoartistas.com\" data-sheets-formula-bar-text-link=\"http:\/\/expoartistas.com\/\" data-sheets-formula-bar-text-style=\"font-size:13px;color:#1155cc;font-weight:normal;text-decoration:underline;font-family:''Arial'';font-style:normal;text-decoration-skip-ink:none;\">expoartistas.com<\/a><\/p>\n\n\n\n<p>2021,&nbsp;<em>\u00ab44 Abril Cultural Salte\u00f1o\u00bb,<\/em> Encuentro Internacional de Artes Pl\u00e1sticas en Salta, Palacio de las Galer\u00edas, Salta, Argentina.<br>2021, <em>\u00abEncuentro de Artistas Pl\u00e1sticos en Lobos\u00bb<\/em>, Aquae Sulis, Lobos, Buenos Aires, Argentina.<br>2021,&nbsp;<em>\u00ab150 Exposiciones\u00bb<\/em>, Sol Victoria, Victoria, Entre R\u00edos, Argentina.<br>2021, <em>\u00abApertura Internacional 2021, Las Dos Orillas\u00bb<\/em>, Casa de la Cultura de Piri\u00e1polis, La Pasiva, Piri\u00e1polis, Uruguay.<br>2021, <em>\u00abRe-encuentro\u00bb<\/em>, Pertutti, Abasto, Buenos Aires, Argentina.<br>2021, <em>\u00abArte Contempor\u00e1neo\u00bb<\/em>, Mercedes Giachetti Galer\u00eda de Arte, Buenos Aires, Argentina.<br>2021, <em>\u00abMuestra Aniversario\u00bb<\/em>, Sophie Espacio de Arte, Buenos Aires, Argentina.<br>2021, <em>\u00abTributo a la Naturaleza\u00bb<\/em>, R\u00edo Ceballos, C\u00f3rdoba, Argentina.<br>2021, <em>\u00abEncuentro Internacional de Artistas Pl\u00e1sticos\u00bb<\/em>, Pergamino, Buenos Aires, Argentina.<br>2021, <em>\u00abReencuentro\u00bb<\/em>, Pertutti Recoleta, Buenos Aires, Argentina.<br>2021, <em>\u00abMuestra Internacional de Artistas Pl\u00e1sticos en Lobos\u00bb<\/em>, Aquae Sulis, Lobos, Pcia. de Bs. As, Argentina.<br>2021, <em>\u00abFeria de Arte Virtual\u00bb<\/em>, <a class=\"waffle-rich-text-link\" href=\"http:\/\/www.expoartistas.com\" data-sheets-formula-bar-text-link=\"http:\/\/expoartistas.com\/\" data-sheets-formula-bar-text-style=\"font-size:13px;color:#1155cc;font-weight:normal;text-decoration:underline;font-family:''Arial'';font-style:normal;text-decoration-skip-ink:none;\">expoartistas.com<\/a><\/p>\n\n\n\n<p>2021, \u00ab<em>Muestra de Fin de A\u00f1o\u00bb<\/em>, Pertutti Abasto, Buenos Aires, Argentina.<br>2021, \u00ab<em>Muestra Internacional de Fin De A\u00f1o\u00bb<\/em>, Sophie Espacio de Arte, Buenos Aires, Argentina.<\/p>\n\n\n\n<p>2022, \u00ab<em>Mes de la Mujer\u00bb<\/em>, Hotel Le Cinque Lusso, Buenos Aires, Argentina.<br>2022, \u00ab<em>Muestra Internacional de Artistas Pl\u00e1sticos\u00bb<\/em>, C\u00f3rdoba, Argentina.<br>2022, \u00ab<em>Muestra Internacional\u00bb<\/em>, Casa de la Cultura, Piri\u00e1polis, Uruguay.<br>2022, \u00ab<em>Abriendo Caminos en el Arte\u00bb<\/em>, Hotel Centuria, Buenos Aires, Argentina.<\/p>\n\n\n\n<p>2022, <em>\u00abMuestra Apertura\u00bb<\/em>, Pertutti Recoleta, Buenos Aires, Argentina.<br>2022, <em>\u00abExhibici\u00f3n Inernacional en el Spa Resort de Lobos\u00bb<\/em>, Aquae Sulis, Lobos, Pcia. de Buenos Aires, Argentina.<\/p>\n\n\n\n<p>2022, <em>\u00abCelebrArt\u00bb<\/em>, Palacio Barolo, Buenos Aires, Argentina.<br>2022, <em>\u00abLa Noche de los Museos\u00bb<\/em>, Palacio Barolo, Buenos Aires, Argentina.<br>2022, <em>\u00abFeria de Arte Virtual\u00bb<\/em>,&nbsp;<a class=\"waffle-rich-text-link\" href=\"http:\/\/www.expoartistas.com\" data-sheets-formula-bar-text-link=\"http:\/\/expoartistas.com\/\" data-sheets-formula-bar-text-style=\"font-size:13px;color:#1155cc;font-weight:normal;text-decoration:underline;font-family:''Arial'';font-style:normal;text-decoration-skip-ink:none;\">expoartistas.com<\/a><br>2022, <em>\u00abUltimate\u00bb<\/em>, Sophie Espacio de Arte, Buenos Aires, Argentina.<\/p>\n\n\n\n<p>2023, <em>\u00abExhibici\u00f3n Internacional\u00bb<\/em>, Galer\u00eda de Arte C\u00f3rdoba, Pcia de C\u00f3rdoba, Argentina.<br>2023, <em>\u00abExhibici\u00f3n Internacional\u00bb<\/em>, Aquae Sulis, Lobos, Pcia de Buenos Aires, Argentina.<br>2023, <em>\u00abExhibici\u00f3n Internacional\u00bb<\/em>, Sophie Espacio de Arte, Buenos Aires, Argentina.<br>2023, <em>\u00abExhibici\u00f3n Internacional\u00bb<\/em>, Centoira Galer\u00eda de Arte, Buenos Aires, Argentina.<br>2023, <em>\u00abExhibici\u00f3n Internacional\u00bb<\/em>, Pertutti Recoleta, Buenos Aires, Argentina.<br>2023, <em>\u00abFeria de Arte Virtual\u00bb<\/em>, <a class=\"waffle-rich-text-link\" href=\"http:\/\/www.expoartistas.com\" data-sheets-formula-bar-text-link=\"http:\/\/expoartistas.com\/\" data-sheets-formula-bar-text-style=\"font-size:13px;color:#1155cc;font-weight:normal;text-decoration:underline;font-family:''Arial'';font-style:normal;text-decoration-skip-ink:none;\">expoartistas.com<\/a><br>2023, <em>\u00abAbriendo Caminos en el Arte\u00bb,<\/em> Hotel Conde, Buenos Aires, Argentina.<br>2023, <em>\u00abExposici\u00f3n de Oto\u00f1o\u00bb<\/em>, Hotel Bagu Centuria, Buenos Aires, Argentina.<br>2023, <em>\u00abConcurso Julio\u00bb<\/em>, Hotel Bag\u00fa Centuria, Buenos Aires, Argentina.<br>2023, <em>\u00ab100 A\u00f1os\u00bb<\/em>, Palacio Barolo, Buenos Aires, Argentina.<br>2023, <em>\u00abMas que 2 Gesti\u00f3n Cultural\u00bb<\/em>, Alianza Francesa, Buenos Aires, Argentina.<br>2023, <em>\u00abSemana Internacional de Arte Contempor\u00e1neo\u00bb<\/em>, Le Carrousel Du Louvre, Paris, Francia.<br>2023, <em>\u00abCouleurs du Monde\u00bb<\/em>, RG 10 Gallery, Viena, Austria.<br>2023, <em>\u00abCouleurs du Monde\u00bb<\/em>, L Heure Bleue, Paris, Francia.<\/p>\n\n\n\n<p>2023, \u00ab<em>La Noche de los Museos\u00bb<\/em>, Palacio Barolo, Buenos Aires, Argentina.<br>2023 \u00ab<em>Exposici\u00f3n Mes de la Madre\u00bb<\/em>, Le Cinque Lusso, Buenos Aires, Argentina.<br>2023, \u00ab<em>CelebrArt\u00bb<\/em>, Palacio Barolo, Buenos Aires, Argentina.<br>2023, \u00ab<em>Muestra Internacional Reencuentro\u00bb<\/em>, Pertutti Recoleta, Buenos Aires, Argentina.<br>2023, \u00ab<em>Exhibici\u00f3n Internacional Potrerillos\u00bb<\/em>, Luj\u00e1n de Cuyo, Mendoza, Argentina.<br>2023, \u00ab<em>Expo-Artistas Virtual\u00bb<\/em>, <a class=\"waffle-rich-text-link\" href=\"http:\/\/www.expoartistas.com\" data-sheets-formula-bar-text-link=\"http:\/\/expoartistas.com\/\" data-sheets-formula-bar-text-style=\"font-size:13px;color:#1155cc;font-weight:normal;text-decoration:underline;font-family:''Arial'';font-style:normal;text-decoration-skip-ink:none;\">expoartistas.com<\/a><\/p>\n\n\n\n<p>2024, \u00ab<em>Abriendo Caminos en el Arte\u00bb<\/em>, Hotel Conde, Buenos Aires, Argentina.<br>2024, \u00ab<em>Art Time, Mercado de los Carruajes\u00bb<\/em>, Buenos Aires, Argentina.<br>2024, \u00ab<em>2 Muestra Internacional de Artes Pl\u00e1sticas\u00bb<\/em>, Aquae Sulis, Lobos, Pcia. de Buenos Aires, Argentina.<br>2024, \u00ab<em>La esencia y presencia de las formas\u00bb<\/em>, Hotel Centuria, Buenos Aires, Argentina.<br>2024, \u00ab<em>Homenaje a la Mujer\u00bb<\/em>, Pertutti Recoleta, Buenos Aires, Argentina.<br>2024, \u00ab<em>Muestra Internacional Facultad de Derecho, UBA\u00bb<\/em>, Buenos Aires, Argentina.<br>2024, \u00ab<em>Exhibici\u00f3n Internacional\u00bb<\/em>, Galer\u00eda de Arte C\u00f3rdoba, C\u00f3rdoba, Argentina.<br>2024, \u00ab<em>Exhibici\u00f3n Internacional\u00bb<\/em>, Galer\u00eda Pasaje 865, San Telmo, Buenos Aires, Argentina.<br>2024, \u00ab<em>Expo-Artistas Virtual\u00bb<\/em>, <a class=\"waffle-rich-text-link\" data-sheets-formula-bar-text-link=\"http:\/\/expoartistas.com\/\" data-sheets-formula-bar-text-style=\"font-size:13px;color:#1155cc;font-weight:normal;text-decoration:underline;font-family:''Arial'';font-style:normal;text-decoration-skip-ink:none;\" href=\"http:\/\/www.expoartistas.com\">expoartistas.com<\/a><br>2024, \u00abI<em>talia-Argentina, Fortaleciendo lazos\u00bb<\/em>, Universidad de Belgrano, Buenos Aires, Argentina.<\/p>\n\n\n\n<p>2024, \u00ab<em>Exposici\u00f3n de la madre\u00bb<\/em>, Hotel Centuria, Buenos Aires, Argentina.<br>2024, <em>\u00abColours of the world\u00bb<\/em>, Universidad de La Matanza, San Justo, Argentina.<br>2024, <em>\u00abExposici\u00f3n de primavera\u00bb<\/em>, Hotel Centuria, Buenos Aires, Argentina.<br>2024, \u00ab<em>Florecer\u00bb<\/em>, Hotel Cinque Lusso, Buenos Aires, Argentina.<br>2024, \u00ab<em>Exhibici\u00f3n Internacional 10 aniversario\u00bb<\/em>, Pertutti Recoleta, Buenos Aires, Argentina.<br>2024, <em>\u00abExhibici\u00f3n Internacional en Lobos\u00bb<\/em>, Aquae Sulis, Lobos, Buenos Aires, Argentina.<br>2024, \u00ab<em>Exhibici\u00f3n Internacional 10 aniversario\u00bb<\/em>, Sophie Espacio de Arte, Buenos Aires, Argentina.<br>2024, <em>\u00abLa Noche de los Museos\u00bb<\/em>, Galer\u00eda Braque, Buenos Aires, Argentina.<br>2024, \u00ab<em>Cielos del Barolo\u00bb<\/em>, Palacio Barolo, Buenos Aires, Argentina.<br>2024, \u00ab<em>Exposici\u00f3n Fiesta de Fin de A\u00f1o\u00bb<\/em>, Galer\u00eda Braque, Buenos Aires, Argentina.<br>2024, \u00ab<em>Festival de Arte y M\u00fasica\u00bb<\/em>, Sophie Espacio de Arte, Buenos Aires, Argentina.<\/p>\n\n\n\n<p>2025, \u00ab<em>International Exhibition Women Day\u00bb<\/em>, Aque Sulis, Lobos, Argentina.<br>2025, \u00ab<em>CARAS Women&#8217;s Day\u00bb<\/em>, Chana Puerto Madero, Buenos Aires, Argentina.<\/p>\n\n\n\n<p>2025, \u201c<em>Expo-Artistas<\/em> <em>Virtual<\/em>\u201d, <a href=\"https:\/\/expoartistas.com\/\" data-type=\"link\" data-id=\"https:\/\/expoartistas.com\/\">expoartistas.com<\/a><br>2025, \u201c<em>Exhibici\u00f3n Internacional<\/em>\u201d, Pertutti Abasto, Buenos Aires, Argentina.<br>2025, \u201c<em>La Noche de los Museos<\/em>\u201d, Palacio Barolo, Buenos Aires, Argentina.<br>2025, \u201c<em>Exhibici\u00f3n Internacional 25 a\u00f1os en el Arte<\/em>\u201d, UBA, Facultad de Derecho, Buenos Aires, Argentina.<br>2025, \u201c<em>La Intuici\u00f3n en el Arte<\/em>\u201d, Club Alem\u00e1n, Buenos Aires, Argentina.<br>2025, \u201c<em>Exhibici\u00f3n Internacional<\/em>\u201d, Pasaje 865, San Telmo, Buenos Aires, Argentina.<br>2025, \u201c<em>Exhibici\u00f3n Internacional Lobos \u2018Aquae Sulis\u2018<\/em>\u201d, Lobos, Buenos Aires, Argentina.<br>2025, \u201c<em>Exhibici\u00f3n Internacional de Arte<\/em>\u201d, Universidad Nacional de La Matanza, Buenos Aires, Argentina.<br>2025, \u201c<em>Exhibici\u00f3n Internacional<\/em>\u201d, Pertutti Recoleta, Buenos Aires, Argentina.<br>2025, \u201c<em>Exhibici\u00f3n Internacional<\/em>\u201d, Pertutti Abasto, Buenos Aires, Argentina.<\/p>\n\n\n\n<p><\/p>\n","protected":false},"excerpt":{"rendered":"<p>PARTICIP\u00c9 EN LAS SIGUIENTES EXPOSICIONES INDIVIDUALES: 2011, La mujer y la guitarra, IUNA, Buenos Aires, Argentina. 2013, Esencia Equinoccio, A.R.T.E.M.E., Buenos Aires, Argentina. 2017, Patricia Triventi &#8211; Pinturas, Barba Roja, Buenos Aires, Argentina. 2022, \u00abMuestra Individual\u00bb, Universidad de Derecho, UNLZ, Lomas de Zamora, Pcia. de Buenos Aires, Argentina. 2023, \u00abMuestra Individual\u00bb, Facultad de Derecho, UNLZ,&hellip;<\/p>\n","protected":false},"author":1,"featured_media":0,"parent":0,"menu_order":0,"comment_status":"closed","ping_status":"closed","template":"","meta":{"footnotes":""},"class_list":["post-70","page","type-page","status-publish","hentry","post"],"_links":{"self":[{"href":"https:\/\/patriciatriventi.com\/es_es\/wp-json\/wp\/v2\/pages\/70","targetHints":{"allow":["GET"]}}],"collection":[{"href":"https:\/\/patriciatriventi.com\/es_es\/wp-json\/wp\/v2\/pages"}],"about":[{"href":"https:\/\/patriciatriventi.com\/es_es\/wp-json\/wp\/v2\/types\/page"}],"author":[{"embeddable":true,"href":"https:\/\/patriciatriventi.com\/es_es\/wp-json\/wp\/v2\/users\/1"}],"replies":[{"embeddable":true,"href":"https:\/\/patriciatriventi.com\/es_es\/wp-json\/wp\/v2\/comments?post=70"}],"version-history":[{"count":43,"href":"https:\/\/patriciatriventi.com\/es_es\/wp-json\/wp\/v2\/pages\/70\/revisions"}],"predecessor-version":[{"id":439,"href":"https:\/\/patriciatriventi.com\/es_es\/wp-json\/wp\/v2\/pages\/70\/revisions\/439"}],"wp:attachment":[{"href":"https:\/\/patriciatriventi.com\/es_es\/wp-json\/wp\/v2\/media?parent=70"}],"curies":[{"name":"wp","href":"https:\/\/api.w.org\/{rel}","templated":true}]}}