{"id":379,"date":"2023-07-12T20:22:15","date_gmt":"2023-07-12T20:22:15","guid":{"rendered":"https:\/\/patriciatriventi.com\/?post_type=product&#038;p=379"},"modified":"2025-08-08T22:02:43","modified_gmt":"2025-08-08T22:02:43","slug":"franco","status":"publish","type":"product","link":"https:\/\/patriciatriventi.com\/es_es\/producto\/franco\/","title":{"rendered":"\u00abFranco\u00bb"},"content":{"rendered":"<p>Fine art sobre canvas<\/p>\n<p>Tama\u00f1o: 70cm x 100cm<\/p>\n<p><strong>(Consultar por otros tama\u00f1os \u00f3 por \u00f3leos sobre tela)<\/strong><\/p>\n","protected":false},"excerpt":{"rendered":"<p>Fine art sobre canvas Tama\u00f1o: 70cm x 100cm (Consultar por otros tama\u00f1os \u00f3 por \u00f3leos sobre tela)<\/p>\n","protected":false},"featured_media":30,"comment_status":"open","ping_status":"closed","template":"","meta":[],"product_brand":[],"product_cat":[33,27],"product_tag":[],"class_list":{"0":"post-379","1":"product","2":"type-product","3":"status-publish","4":"has-post-thumbnail","6":"product_cat-reproducciones","7":"product_cat-sin-bastidor","8":"post","10":"first","11":"instock","12":"product-type-variable","13":"has-default-attributes"},"_links":{"self":[{"href":"https:\/\/patriciatriventi.com\/es_es\/wp-json\/wp\/v2\/product\/379","targetHints":{"allow":["GET"]}}],"collection":[{"href":"https:\/\/patriciatriventi.com\/es_es\/wp-json\/wp\/v2\/product"}],"about":[{"href":"https:\/\/patriciatriventi.com\/es_es\/wp-json\/wp\/v2\/types\/product"}],"replies":[{"embeddable":true,"href":"https:\/\/patriciatriventi.com\/es_es\/wp-json\/wp\/v2\/comments?post=379"}],"wp:featuredmedia":[{"embeddable":true,"href":"https:\/\/patriciatriventi.com\/es_es\/wp-json\/wp\/v2\/media\/30"}],"wp:attachment":[{"href":"https:\/\/patriciatriventi.com\/es_es\/wp-json\/wp\/v2\/media?parent=379"}],"wp:term":[{"taxonomy":"product_brand","embeddable":true,"href":"https:\/\/patriciatriventi.com\/es_es\/wp-json\/wp\/v2\/product_brand?post=379"},{"taxonomy":"product_cat","embeddable":true,"href":"https:\/\/patriciatriventi.com\/es_es\/wp-json\/wp\/v2\/product_cat?post=379"},{"taxonomy":"product_tag","embeddable":true,"href":"https:\/\/patriciatriventi.com\/es_es\/wp-json\/wp\/v2\/product_tag?post=379"}],"curies":[{"name":"wp","href":"https:\/\/api.w.org\/{rel}","templated":true}]}}